{"id":1244,"date":"2024-07-21T14:31:49","date_gmt":"2024-07-21T12:31:49","guid":{"rendered":"https:\/\/www.odivo.sk\/?page_id=1244"},"modified":"2024-09-30T11:01:53","modified_gmt":"2024-09-30T09:01:53","slug":"kozmos","status":"publish","type":"page","link":"https:\/\/www.odivo.sk\/en\/repertoar\/kozmos\/","title":{"rendered":"(Sloven\u010dina) Kozmos"},"content":{"rendered":"<p>Prv\u00e9 kroky v divadelnom vesm\u00edre pre mal\u00fdch kozmonautov, kozmonautky a ich najbli\u017e\u0161\u00edch. Pre v\u0161etk\u00fdch od 3 rokov.<\/p>\n<p>Objavte s nami nepoznan\u00e9 svety. Prist\u00e1vame na nezn\u00e1mej plan\u00e9te. Dvaja v\u00fdskumn\u00edci na\u0161\u013eapuj\u00fa na jej povrch a sk\u00famaj\u00fa vlastnosti kozmick\u00fdch objektov. S\u00fastredene, zvedavo. Cez dotyk aj \u017eonglovanie spozn\u00e1vaj\u00fa kolobeh javov, svet v neust\u00e1lom pohybe.<\/p>\n<p><strong>Koncept, r\u00e9\u017eia:<\/strong> M\u00e1ria Danadov\u00e1 a Monika Kov\u00e1\u010dov\u00e1<br \/>\n<strong>Sc\u00e9nografia:<\/strong> Ivana Mackov\u00e1<br \/>\n<strong>Hudba:<\/strong> Matej H\u00e1asz<br \/>\n<strong>Kost\u00fdmy:<\/strong> Bet Moth<br \/>\n<strong>V\u00fdvoj a realiz\u00e1cia technol\u00f3gi\u00ed a projekci\u00ed:<\/strong> Jakub Pi\u0161ek<br \/>\n<strong>Sveteln\u00fd a zvukov\u00fd dizajn:<\/strong> Milan Slama<br \/>\n<strong>Grafick\u00fd dizajn:<\/strong> Vikt\u00f3ria Jehl\u00e1rov\u00e1<br \/>\n<strong>\u00da\u010dinkuj\u00fa:<\/strong> M\u00e1ria Danadov\u00e1 a Filip Hajduk<\/p>\n<p><strong>Priestorov\u00ed partneri:<\/strong> Z\u00e1hrada &#8211; centrum nez\u00e1vislej kult\u00fary a Divadlo \u0160t\u00fadio tanca<\/p>\n<p>Hlavn\u00fd partner projektu a z verejn\u00fdch zdrojov podporil Fond na podporu umenia.<\/p>\n<p><img decoding=\"async\" loading=\"lazy\" class=\"alignnone  wp-image-1169\" src=\"http:\/\/www.odivo.sk\/wp-content\/uploads\/2023\/09\/FPU_logo1_modre-420x315.jpg\" alt=\"\" width=\"271\" height=\"203\" srcset=\"https:\/\/www.odivo.sk\/wp-content\/uploads\/2023\/09\/FPU_logo1_modre-420x315.jpg 420w, https:\/\/www.odivo.sk\/wp-content\/uploads\/2023\/09\/FPU_logo1_modre-744x558.jpg 744w, https:\/\/www.odivo.sk\/wp-content\/uploads\/2023\/09\/FPU_logo1_modre-1200x900.jpg 1200w, https:\/\/www.odivo.sk\/wp-content\/uploads\/2023\/09\/FPU_logo1_modre-768x576.jpg 768w, https:\/\/www.odivo.sk\/wp-content\/uploads\/2023\/09\/FPU_logo1_modre-1536x1152.jpg 1536w, https:\/\/www.odivo.sk\/wp-content\/uploads\/2023\/09\/FPU_logo1_modre.jpg 1920w\" sizes=\"(max-width: 271px) 100vw, 271px\" \/><\/p>\n","protected":false},"excerpt":{"rendered":"<div class=\"entry-summary\">\nPrv\u00e9 kroky v divadelnom vesm\u00edre pre mal\u00fdch kozmonautov, kozmonautky a ich najbli\u017e\u0161\u00edch. Pre v\u0161etk\u00fdch od 3 rokov. Objavte s nami&hellip;\n<\/div>\n<div class=\"link-more\"><a href=\"https:\/\/www.odivo.sk\/en\/repertoar\/kozmos\/\" class=\"more-link\">Continue reading<span class=\"screen-reader-text\"> &ldquo;(Sloven\u010dina) Kozmos&rdquo;<\/span>&hellip;<\/a><\/div>\n","protected":false},"author":1,"featured_media":0,"parent":19,"menu_order":0,"comment_status":"closed","ping_status":"closed","template":"","meta":{"footnotes":""},"acf":[],"_links":{"self":[{"href":"https:\/\/www.odivo.sk\/en\/wp-json\/wp\/v2\/pages\/1244"}],"collection":[{"href":"https:\/\/www.odivo.sk\/en\/wp-json\/wp\/v2\/pages"}],"about":[{"href":"https:\/\/www.odivo.sk\/en\/wp-json\/wp\/v2\/types\/page"}],"author":[{"embeddable":true,"href":"https:\/\/www.odivo.sk\/en\/wp-json\/wp\/v2\/users\/1"}],"replies":[{"embeddable":true,"href":"https:\/\/www.odivo.sk\/en\/wp-json\/wp\/v2\/comments?post=1244"}],"version-history":[{"count":6,"href":"https:\/\/www.odivo.sk\/en\/wp-json\/wp\/v2\/pages\/1244\/revisions"}],"predecessor-version":[{"id":1255,"href":"https:\/\/www.odivo.sk\/en\/wp-json\/wp\/v2\/pages\/1244\/revisions\/1255"}],"up":[{"embeddable":true,"href":"https:\/\/www.odivo.sk\/en\/wp-json\/wp\/v2\/pages\/19"}],"wp:attachment":[{"href":"https:\/\/www.odivo.sk\/en\/wp-json\/wp\/v2\/media?parent=1244"}],"curies":[{"name":"wp","href":"https:\/\/api.w.org\/{rel}","templated":true}]}}