{"id":28,"date":"2016-10-08T19:09:01","date_gmt":"2016-10-08T17:09:01","guid":{"rendered":"http:\/\/momo.theatersubtitles.com\/?page_id=28"},"modified":"2024-07-21T14:29:37","modified_gmt":"2024-07-21T12:29:37","slug":"ocenenia","status":"publish","type":"page","link":"https:\/\/www.odivo.sk\/en\/ocenenia\/","title":{"rendered":"Awards"},"content":{"rendered":"<p>Award for <strong>The best actress for M\u00e1ria Danadov\u00e1<\/strong> awarded on the International puppet festival for adults Pierrot (Bulgaria, Stara Zagora).<\/p>\n<p>Award for <strong>The best director for Monika Kov\u00e1\u010dov\u00e1<\/strong> awarded on the International puppet festival for adults Pierrot (Bulgaria, Stara Zagora).<\/p>\n<p>Award for <strong>Expressing the theatre with a Puppet for directing the spectacle for Monika Kov\u00e1\u010dov\u00e1<\/strong> awarded on the X. International puppet festival of puppet theatre and animated films for adults Puppet is a human too 2015 (Poland, Warsaw).<\/p>\n<p>Award for the <strong>Play With Puppets for actress M\u00e1ria Danadov\u00e1<\/strong>\u00a0awarded on the International Puppet Theatre Festival PIF 2016 (Zagreb, Croatia).<\/p>","protected":false},"excerpt":{"rendered":"<div class=\"entry-summary\">\nAward for The best actress for M\u00e1ria Danadov\u00e1 awarded on the International puppet festival for adults Pierrot (Bulgaria, Stara Zagora).&hellip;\n<\/div>\n<div class=\"link-more\"><a href=\"https:\/\/www.odivo.sk\/en\/ocenenia\/\" class=\"more-link\">Continue reading<span class=\"screen-reader-text\"> &ldquo;Awards&rdquo;<\/span>&hellip;<\/a><\/div>\n","protected":false},"author":1,"featured_media":0,"parent":0,"menu_order":0,"comment_status":"closed","ping_status":"closed","template":"","meta":{"footnotes":""},"acf":[],"_links":{"self":[{"href":"https:\/\/www.odivo.sk\/en\/wp-json\/wp\/v2\/pages\/28"}],"collection":[{"href":"https:\/\/www.odivo.sk\/en\/wp-json\/wp\/v2\/pages"}],"about":[{"href":"https:\/\/www.odivo.sk\/en\/wp-json\/wp\/v2\/types\/page"}],"author":[{"embeddable":true,"href":"https:\/\/www.odivo.sk\/en\/wp-json\/wp\/v2\/users\/1"}],"replies":[{"embeddable":true,"href":"https:\/\/www.odivo.sk\/en\/wp-json\/wp\/v2\/comments?post=28"}],"version-history":[{"count":21,"href":"https:\/\/www.odivo.sk\/en\/wp-json\/wp\/v2\/pages\/28\/revisions"}],"predecessor-version":[{"id":1243,"href":"https:\/\/www.odivo.sk\/en\/wp-json\/wp\/v2\/pages\/28\/revisions\/1243"}],"wp:attachment":[{"href":"https:\/\/www.odivo.sk\/en\/wp-json\/wp\/v2\/media?parent=28"}],"curies":[{"name":"wp","href":"https:\/\/api.w.org\/{rel}","templated":true}]}}