{"id":299,"date":"2017-02-04T20:28:54","date_gmt":"2017-02-04T19:28:54","guid":{"rendered":"http:\/\/www.odivo.sk\/?page_id=299"},"modified":"2020-05-19T21:19:11","modified_gmt":"2020-05-19T19:19:11","slug":"stopy-v-pamati","status":"publish","type":"page","link":"https:\/\/www.odivo.sk\/en\/repertoar\/stopy-v-pamati\/","title":{"rendered":"Traces in the memory"},"content":{"rendered":"<p><em>The performance Traces in the memory are inspired by personal experience of performers Maja Danadov\u00e1 and Monika Kov\u00e1\u010dov\u00e1 &#8211; their brothers were diagnosed with paranoid schizophrenia.\u00a0<\/em><br \/>\n<em>The primary source material are clinical signs and symptoms of this chronic mental illness.<\/em><br \/>\n<em>We created an association run on the edge between light and darkness, silence and sound, reflecting the traces of memory, traces in the body.<\/em><\/p>\n<p><strong>Story, concept, realisation:<\/strong>\u00a0M\u00e1ria Danadov\u00e1, Monika Kov\u00e1\u010dov\u00e1<br \/>\n<strong>Music:<\/strong>\u00a0J\u00e1n Fiala<br \/>\n<strong>Scenography cooperation:<\/strong>\u00a0Juraj Poliak<br \/>\n<strong>Choreography cooperation:<\/strong>\u00a0Martina Hajdyla Lacov\u00e1<br \/>\n<b>Creation of puppet<\/b>: Pavol Rosenberger<br \/>\n<strong>Costumes:<\/strong>\u00a0Vikt\u00f3ria Jehl\u00e1rov\u00e1<\/p>\n<p><strong>Performed by:<\/strong>\u00a0M\u00e1ria Danadov\u00e1, Monika Kov\u00e1\u010dov\u00e1 and J\u00e1n Fiala<\/p>\n<p><strong>Photo:<\/strong>\u00a0J\u00e1n Chmel\u00edk<\/p>\n<p>The perfomance was supported by Slovak arts council, Theatre\u00a0P\u00f4to\u0148 (B\u00e1tovce), Theatre from the Passage (Bansk\u00e1 Bystrica), Z\u00e1hrada &#8211; centre of independent culture (Bansk\u00e1 Bystrica) and Relax and dance studio Alishaba (Bansk\u00e1 Bystrica).<\/p>\n<p><div id=\"grid-gallery-5-4375\" data-gg-id=\"5\" data-title=\"Stopy v pam\u00e4ti\" data-grid-type=\"0\" data-offset=\"5.3\" data-area-position=\"center\" data-icons=\"false\" data-preloader=\"\" data-width=\"215\" data-height=\"215\" data-padding=\"\" data-quicksand=\"disabled\" data-quicksand-duration=\"none\" data-popup-theme=\"theme_6\" data-popup-type=\"pretty-photo\" data-popup-image-text=\"title\" data-popup-widthsize=\"auto\" data-popup-heightsize=\"auto\" data-popup-i18n-words=\"{&quot;close&quot;:&quot;close&quot;,&quot;next&quot;:&quot;next&quot;,&quot;previous&quot;:&quot;previous&quot;,&quot;start_slideshow&quot;:&quot;start slideshow&quot;,&quot;stop_slideshow&quot;:&quot;stop slideshow&quot;,&quot;image&quot;:&quot;image&quot;,&quot;of&quot;:&quot;of&quot;,&quot;prev&quot;:&quot;prev&quot;,&quot;cExpand&quot;:&quot;Expand&quot;,&quot;cPrevious&quot;:&quot;Previous&quot;,&quot;cNext&quot;:&quot;Next&quot;,&quot;cExpandStr&quot;:&quot;Expand the image&quot;,&quot;cRotate&quot;:&quot;Rotate&quot;,&quot;cDetails&quot;:&quot;Details&quot;}\" data-popup-slideshow=\"false\" data-popup-slideshow-speed=\"2500\" data-popup-hoverstop=\"true\" data-popup-slideshow-auto=\"false\" data-popup-background=\"\" data-popup-transparency=\"30\" data-popup-disable-history=\"\" data-popup-disable-changed-url=\"\" data-popup-border-type=\"\" data-popup-border-color=\"\" data-popup-border-width=\"\" data-popup-border-enable=\"\" data-fullscreen=\"false\" data-hide-tooltip=\"\" data-caption-font-family=\"\" data-caption-text-size=\"140\" data-is-mobile=\"0\" data-caption-mobile=\"false\" data-hide-long-tltp-title=\"0\" data-caption-disabled-on-mobile=\"false\" data-popup-placement-type=\"0\" data-social-sharing=\"{&quot;enabled&quot;:null,&quot;gallerySharing&quot;:{&quot;enabled&quot;:null,&quot;position&quot;:null},&quot;imageSharing&quot;:{&quot;enabled&quot;:null,&quot;wrapperClass&quot;:&quot; vertical &quot;},&quot;popupSharing&quot;:{&quot;enabled&quot;:null,&quot;wrapperClass&quot;:&quot; vertical &quot;}}\" class=\"grid-gallery grid-gallery-fixed \" style=\" width:100%; height:auto; margin-left:auto; margin-right:auto;position:relative;\"> <div class=\"gallery-loading\"> <div class=\"blocks\"> <div class=\"block\"><\/div> <div class=\"block\"><\/div> <div class=\"block\"><\/div> <div class=\"block\"><\/div> <\/div> <\/div> <div class=\"gallery-sharing-top\"><\/div> <div id=\"photos-5\" class=\"grid-gallery-photos\"><a id=\"gg-5-97\" class=\"gg-link \" data-attachment-id=\"319\" href=\"https:\/\/www.odivo.sk\/wp-content\/uploads\/2017\/02\/IMG_6985-1.jpg?gid=5\" target=\"_self\" title=\"Stopy v pam\u00e4ti\" data-rel=\"prettyPhoto[pp_gal]\" style=\"border-radius:00;\" ><FIGURE class=\"grid-gallery-caption\" data-grid-gallery-type=\"quarter-slide-up\" data-index=\"0\" style=\"display:none;border-radius:00;; margin:5.3px; width:2150;\" ><div class=\"crop\" style=\" width:2150; height:2150; overflow:hidden;\"><img src=\"https:\/\/www.odivo.sk\/wp-content\/uploads\/2017\/02\/IMG_6985-1.jpg\" class=\"ggImg\" alt=\"Stopy v pam\u00e4ti\" title=\"Stopy v pam\u00e4ti\" data-description=\"Stopy v pam\u00e4ti\" data-caption=\"Stopy v pam\u00e4ti\" data-title=\"Stopy v pam\u00e4ti\" style=\" width:215px; height:215px;\" \/><\/div><FIGCAPTION class=\"\" data-alpha=\"5\" style=\"color:#ffffff; background-color:#6f0000; font-size:140; text-align:2; font-family:;\" ><div class=\"grid-gallery-figcaption-wrap\" style=\" vertical-align:;\"><div class=\"gg-image-caption fitvidsignore\" style=\"font-size:140;\"><object type=\"none\/none\">Stopy v pam\u00e4ti <\/object><\/div><\/div><\/FIGCAPTION><\/FIGURE><\/a><a id=\"gg-5-98\" class=\"gg-link \" data-attachment-id=\"320\" href=\"https:\/\/www.odivo.sk\/wp-content\/uploads\/2017\/02\/IMG_6997.jpg?gid=5\" target=\"_self\" title=\"Stopy v pam\u00e4ti\" data-rel=\"prettyPhoto[pp_gal]\" style=\"border-radius:00;\" ><FIGURE class=\"grid-gallery-caption\" data-grid-gallery-type=\"quarter-slide-up\" data-index=\"1\" style=\"display:none;border-radius:00;; margin:5.3px; width:2150;\" ><div class=\"crop\" style=\" width:2150; height:2150; overflow:hidden;\"><img src=\"https:\/\/www.odivo.sk\/wp-content\/uploads\/2017\/02\/IMG_6997.jpg\" class=\"ggImg\" alt=\"Stopy v pam\u00e4ti\" title=\"Stopy v pam\u00e4ti\" data-description=\"Stopy v pam\u00e4ti\" data-caption=\"Stopy v pam\u00e4ti\" data-title=\"Stopy v pam\u00e4ti\" style=\" width:215px; height:215px;\" \/><\/div><FIGCAPTION class=\"\" data-alpha=\"5\" style=\"color:#ffffff; background-color:#6f0000; font-size:140; text-align:2; font-family:;\" ><div class=\"grid-gallery-figcaption-wrap\" style=\" vertical-align:;\"><div class=\"gg-image-caption fitvidsignore\" style=\"font-size:140;\"><object type=\"none\/none\">Stopy v pam\u00e4ti <\/object><\/div><\/div><\/FIGCAPTION><\/FIGURE><\/a><a id=\"gg-5-99\" class=\"gg-link \" data-attachment-id=\"321\" href=\"https:\/\/www.odivo.sk\/wp-content\/uploads\/2017\/02\/IMG_6999.jpg?gid=5\" target=\"_self\" title=\"Stopy v pam\u00e4ti\" data-rel=\"prettyPhoto[pp_gal]\" style=\"border-radius:00;\" ><FIGURE class=\"grid-gallery-caption\" data-grid-gallery-type=\"quarter-slide-up\" data-index=\"2\" style=\"display:none;border-radius:00;; margin:5.3px; width:2150;\" ><div class=\"crop\" style=\" width:2150; height:2150; overflow:hidden;\"><img src=\"https:\/\/www.odivo.sk\/wp-content\/uploads\/2017\/02\/IMG_6999.jpg\" class=\"ggImg\" alt=\"Stopy v pam\u00e4ti\" title=\"Stopy v pam\u00e4ti\" data-description=\"Stopy v pam\u00e4ti\" data-caption=\"Stopy v pam\u00e4ti\" data-title=\"Stopy v pam\u00e4ti\" style=\" width:215px; height:215px;\" \/><\/div><FIGCAPTION class=\"\" data-alpha=\"5\" style=\"color:#ffffff; background-color:#6f0000; font-size:140; text-align:2; font-family:;\" ><div class=\"grid-gallery-figcaption-wrap\" style=\" vertical-align:;\"><div class=\"gg-image-caption fitvidsignore\" style=\"font-size:140;\"><object type=\"none\/none\">Stopy v pam\u00e4ti <\/object><\/div><\/div><\/FIGCAPTION><\/FIGURE><\/a><a id=\"gg-5-113\" class=\"gg-link \" data-attachment-id=\"335\" href=\"https:\/\/www.odivo.sk\/wp-content\/uploads\/2017\/02\/IMG_7095.jpg?gid=5\" target=\"_self\" title=\"Stopy v pam\u00e4ti\" data-rel=\"prettyPhoto[pp_gal]\" style=\"border-radius:00;\" ><FIGURE class=\"grid-gallery-caption\" data-grid-gallery-type=\"quarter-slide-up\" data-index=\"3\" style=\"display:none;border-radius:00;; margin:5.3px; width:2150;\" ><div class=\"crop\" style=\" width:2150; height:2150; overflow:hidden;\"><img src=\"https:\/\/www.odivo.sk\/wp-content\/uploads\/2017\/02\/IMG_7095.jpg\" class=\"ggImg\" alt=\"Stopy v pam\u00e4ti\" title=\"Stopy v pam\u00e4ti\" data-description=\"Stopy v pam\u00e4ti\" data-caption=\"Stopy v pam\u00e4ti\" data-title=\"Stopy v pam\u00e4ti\" style=\" width:215px; height:215px;\" \/><\/div><FIGCAPTION class=\"\" data-alpha=\"5\" style=\"color:#ffffff; background-color:#6f0000; font-size:140; text-align:2; font-family:;\" ><div class=\"grid-gallery-figcaption-wrap\" style=\" vertical-align:;\"><div class=\"gg-image-caption fitvidsignore\" style=\"font-size:140;\"><object type=\"none\/none\">Stopy v pam\u00e4ti <\/object><\/div><\/div><\/FIGCAPTION><\/FIGURE><\/a><a id=\"gg-5-100\" class=\"gg-link \" data-attachment-id=\"322\" href=\"https:\/\/www.odivo.sk\/wp-content\/uploads\/2017\/02\/IMG_6983.jpg?gid=5\" target=\"_self\" title=\"Stopy v pam\u00e4ti\" data-rel=\"prettyPhoto[pp_gal]\" style=\"border-radius:00;\" ><FIGURE class=\"grid-gallery-caption\" data-grid-gallery-type=\"quarter-slide-up\" data-index=\"4\" style=\"display:none;border-radius:00;; margin:5.3px; width:2150;\" ><div class=\"crop\" style=\" width:2150; height:2150; overflow:hidden;\"><img src=\"https:\/\/www.odivo.sk\/wp-content\/uploads\/2017\/02\/IMG_6983.jpg\" class=\"ggImg\" alt=\"Stopy v pam\u00e4ti\" title=\"Stopy v pam\u00e4ti\" data-description=\"Stopy v pam\u00e4ti\" data-caption=\"Stopy v pam\u00e4ti\" data-title=\"Stopy v pam\u00e4ti\" style=\" width:215px; height:215px;\" \/><\/div><FIGCAPTION class=\"\" data-alpha=\"5\" style=\"color:#ffffff; background-color:#6f0000; font-size:140; text-align:2; font-family:;\" ><div class=\"grid-gallery-figcaption-wrap\" style=\" vertical-align:;\"><div class=\"gg-image-caption fitvidsignore\" style=\"font-size:140;\"><object type=\"none\/none\">Stopy v pam\u00e4ti <\/object><\/div><\/div><\/FIGCAPTION><\/FIGURE><\/a><a id=\"gg-5-101\" class=\"gg-link \" data-attachment-id=\"323\" href=\"https:\/\/www.odivo.sk\/wp-content\/uploads\/2017\/02\/IMG_7006.jpg?gid=5\" target=\"_self\" title=\"Stopy v pam\u00e4ti\" data-rel=\"prettyPhoto[pp_gal]\" style=\"border-radius:00;\" ><FIGURE class=\"grid-gallery-caption\" data-grid-gallery-type=\"quarter-slide-up\" data-index=\"5\" style=\"display:none;border-radius:00;; margin:5.3px; width:2150;\" ><div class=\"crop\" style=\" width:2150; height:2150; overflow:hidden;\"><img src=\"https:\/\/www.odivo.sk\/wp-content\/uploads\/2017\/02\/IMG_7006.jpg\" class=\"ggImg\" alt=\"Stopy v pam\u00e4ti\" title=\"Stopy v pam\u00e4ti\" data-description=\"Stopy v pam\u00e4ti\" data-caption=\"Stopy v pam\u00e4ti\" data-title=\"Stopy v pam\u00e4ti\" style=\" width:215px; height:215px;\" \/><\/div><FIGCAPTION class=\"\" data-alpha=\"5\" style=\"color:#ffffff; background-color:#6f0000; font-size:140; text-align:2; font-family:;\" ><div class=\"grid-gallery-figcaption-wrap\" style=\" vertical-align:;\"><div class=\"gg-image-caption fitvidsignore\" style=\"font-size:140;\"><object type=\"none\/none\">Stopy v pam\u00e4ti <\/object><\/div><\/div><\/FIGCAPTION><\/FIGURE><\/a><a id=\"gg-5-102\" class=\"gg-link \" data-attachment-id=\"324\" href=\"https:\/\/www.odivo.sk\/wp-content\/uploads\/2017\/02\/IMG_7018.jpg?gid=5\" target=\"_self\" title=\"IMG_7018\" data-rel=\"prettyPhoto[pp_gal]\" style=\"border-radius:00;\" ><FIGURE class=\"grid-gallery-caption\" data-grid-gallery-type=\"quarter-slide-up\" data-index=\"6\" style=\"display:none;border-radius:00;; margin:5.3px; width:2150;\" ><div class=\"crop\" style=\" width:2150; height:2150; overflow:hidden;\"><img src=\"https:\/\/www.odivo.sk\/wp-content\/uploads\/2017\/02\/IMG_7018.jpg\" class=\"ggImg\" alt=\"IMG_7018\" title=\"IMG_7018\" data-description=\"IMG_7018\" data-caption=\"Stopy v pam\u00e4ti\" data-title=\"IMG_7018\" style=\" width:215px; height:215px;\" \/><\/div><FIGCAPTION class=\"\" data-alpha=\"5\" style=\"color:#ffffff; background-color:#6f0000; font-size:140; text-align:2; font-family:;\" ><div class=\"grid-gallery-figcaption-wrap\" style=\" vertical-align:;\"><div class=\"gg-image-caption fitvidsignore\" style=\"font-size:140;\"><object type=\"none\/none\">Stopy v pam\u00e4ti <\/object><\/div><\/div><\/FIGCAPTION><\/FIGURE><\/a><a id=\"gg-5-103\" class=\"gg-link \" data-attachment-id=\"325\" href=\"https:\/\/www.odivo.sk\/wp-content\/uploads\/2017\/02\/IMG_7019.jpg?gid=5\" target=\"_self\" title=\"Stopy v pam\u00e4ti\" data-rel=\"prettyPhoto[pp_gal]\" style=\"border-radius:00;\" ><FIGURE class=\"grid-gallery-caption\" data-grid-gallery-type=\"quarter-slide-up\" data-index=\"7\" style=\"display:none;border-radius:00;; margin:5.3px; width:2150;\" ><div class=\"crop\" style=\" width:2150; height:2150; overflow:hidden;\"><img src=\"https:\/\/www.odivo.sk\/wp-content\/uploads\/2017\/02\/IMG_7019.jpg\" class=\"ggImg\" alt=\"Stopy v pam\u00e4ti\" title=\"Stopy v pam\u00e4ti\" data-description=\"Stopy v pam\u00e4ti\" data-caption=\"Stopy v pam\u00e4ti\" data-title=\"Stopy v pam\u00e4ti\" style=\" width:215px; height:215px;\" \/><\/div><FIGCAPTION class=\"\" data-alpha=\"5\" style=\"color:#ffffff; background-color:#6f0000; font-size:140; text-align:2; font-family:;\" ><div class=\"grid-gallery-figcaption-wrap\" style=\" vertical-align:;\"><div class=\"gg-image-caption fitvidsignore\" style=\"font-size:140;\"><object type=\"none\/none\">Stopy v pam\u00e4ti <\/object><\/div><\/div><\/FIGCAPTION><\/FIGURE><\/a><a id=\"gg-5-105\" class=\"gg-link \" data-attachment-id=\"327\" href=\"https:\/\/www.odivo.sk\/wp-content\/uploads\/2017\/02\/IMG_7026.jpg?gid=5\" target=\"_self\" title=\"IMG_7026\" data-rel=\"prettyPhoto[pp_gal]\" style=\"border-radius:00;\" ><FIGURE class=\"grid-gallery-caption\" data-grid-gallery-type=\"quarter-slide-up\" data-index=\"8\" style=\"display:none;border-radius:00;; margin:5.3px; width:2150;\" ><div class=\"crop\" style=\" width:2150; height:2150; overflow:hidden;\"><img src=\"https:\/\/www.odivo.sk\/wp-content\/uploads\/2017\/02\/IMG_7026.jpg\" class=\"ggImg\" alt=\"IMG_7026\" title=\"IMG_7026\" data-description=\"IMG_7026\" data-caption=\"Stopy v pam\u00e4ti\" data-title=\"IMG_7026\" style=\" width:215px; height:215px;\" \/><\/div><FIGCAPTION class=\"\" data-alpha=\"5\" style=\"color:#ffffff; background-color:#6f0000; font-size:140; text-align:2; font-family:;\" ><div class=\"grid-gallery-figcaption-wrap\" style=\" vertical-align:;\"><div class=\"gg-image-caption fitvidsignore\" style=\"font-size:140;\"><object type=\"none\/none\">Stopy v pam\u00e4ti <\/object><\/div><\/div><\/FIGCAPTION><\/FIGURE><\/a><a id=\"gg-5-107\" class=\"gg-link \" data-attachment-id=\"329\" href=\"https:\/\/www.odivo.sk\/wp-content\/uploads\/2017\/02\/IMG_7038.jpg?gid=5\" target=\"_self\" title=\"IMG_7038\" data-rel=\"prettyPhoto[pp_gal]\" style=\"border-radius:00;\" ><FIGURE class=\"grid-gallery-caption\" data-grid-gallery-type=\"quarter-slide-up\" data-index=\"9\" style=\"display:none;border-radius:00;; margin:5.3px; width:2150;\" ><div class=\"crop\" style=\" width:2150; height:2150; overflow:hidden;\"><img src=\"https:\/\/www.odivo.sk\/wp-content\/uploads\/2017\/02\/IMG_7038.jpg\" class=\"ggImg\" alt=\"IMG_7038\" title=\"IMG_7038\" data-description=\"IMG_7038\" data-caption=\"Stopy v pam\u00e4ti\" data-title=\"IMG_7038\" style=\" width:215px; height:215px;\" \/><\/div><FIGCAPTION class=\"\" data-alpha=\"5\" style=\"color:#ffffff; background-color:#6f0000; font-size:140; text-align:2; font-family:;\" ><div class=\"grid-gallery-figcaption-wrap\" style=\" vertical-align:;\"><div class=\"gg-image-caption fitvidsignore\" style=\"font-size:140;\"><object type=\"none\/none\">Stopy v pam\u00e4ti <\/object><\/div><\/div><\/FIGCAPTION><\/FIGURE><\/a><a id=\"gg-5-108\" class=\"gg-link \" data-attachment-id=\"330\" href=\"https:\/\/www.odivo.sk\/wp-content\/uploads\/2017\/02\/IMG_7046.jpg?gid=5\" target=\"_self\" title=\"Stopy v pam\u00e4ti\" data-rel=\"prettyPhoto[pp_gal]\" style=\"border-radius:00;\" ><FIGURE class=\"grid-gallery-caption\" data-grid-gallery-type=\"quarter-slide-up\" data-index=\"10\" style=\"display:none;border-radius:00;; margin:5.3px; width:2150;\" ><div class=\"crop\" style=\" width:2150; height:2150; overflow:hidden;\"><img src=\"https:\/\/www.odivo.sk\/wp-content\/uploads\/2017\/02\/IMG_7046.jpg\" class=\"ggImg\" alt=\"Stopy v pam\u00e4ti\" title=\"Stopy v pam\u00e4ti\" data-description=\"Stopy v pam\u00e4ti\" data-caption=\"Stopy v pam\u00e4ti\" data-title=\"Stopy v pam\u00e4ti\" style=\" width:215px; height:215px;\" \/><\/div><FIGCAPTION class=\"\" data-alpha=\"5\" style=\"color:#ffffff; background-color:#6f0000; font-size:140; text-align:2; font-family:;\" ><div class=\"grid-gallery-figcaption-wrap\" style=\" vertical-align:;\"><div class=\"gg-image-caption fitvidsignore\" style=\"font-size:140;\"><object type=\"none\/none\">Stopy v pam\u00e4ti <\/object><\/div><\/div><\/FIGCAPTION><\/FIGURE><\/a><a id=\"gg-5-109\" class=\"gg-link \" data-attachment-id=\"331\" href=\"https:\/\/www.odivo.sk\/wp-content\/uploads\/2017\/02\/IMG_7055.jpg?gid=5\" target=\"_self\" title=\"Stopy v pam\u00e4ti\" data-rel=\"prettyPhoto[pp_gal]\" style=\"border-radius:00;\" ><FIGURE class=\"grid-gallery-caption\" data-grid-gallery-type=\"quarter-slide-up\" data-index=\"11\" style=\"display:none;border-radius:00;; margin:5.3px; width:2150;\" ><div class=\"crop\" style=\" width:2150; height:2150; overflow:hidden;\"><img src=\"https:\/\/www.odivo.sk\/wp-content\/uploads\/2017\/02\/IMG_7055.jpg\" class=\"ggImg\" alt=\"Stopy v pam\u00e4ti\" title=\"Stopy v pam\u00e4ti\" data-description=\"Stopy v pam\u00e4ti\" data-caption=\"Stopy v pam\u00e4ti\" data-title=\"Stopy v pam\u00e4ti\" style=\" width:215px; height:215px;\" \/><\/div><FIGCAPTION class=\"\" data-alpha=\"5\" style=\"color:#ffffff; background-color:#6f0000; font-size:140; text-align:2; font-family:;\" ><div class=\"grid-gallery-figcaption-wrap\" style=\" vertical-align:;\"><div class=\"gg-image-caption fitvidsignore\" style=\"font-size:140;\"><object type=\"none\/none\">Stopy v pam\u00e4ti <\/object><\/div><\/div><\/FIGCAPTION><\/FIGURE><\/a><a id=\"gg-5-114\" class=\"gg-link \" data-attachment-id=\"336\" href=\"https:\/\/www.odivo.sk\/wp-content\/uploads\/2017\/02\/IMG_7102.jpg?gid=5\" target=\"_self\" title=\"Stopy v pam\u00e4ti\" data-rel=\"prettyPhoto[pp_gal]\" style=\"border-radius:00;\" ><FIGURE class=\"grid-gallery-caption\" data-grid-gallery-type=\"quarter-slide-up\" data-index=\"12\" style=\"display:none;border-radius:00;; margin:5.3px; width:2150;\" ><div class=\"crop\" style=\" width:2150; height:2150; overflow:hidden;\"><img src=\"https:\/\/www.odivo.sk\/wp-content\/uploads\/2017\/02\/IMG_7102.jpg\" class=\"ggImg\" alt=\"Stopy v pam\u00e4ti\" title=\"Stopy v pam\u00e4ti\" data-description=\"Stopy v pam\u00e4ti\" data-caption=\"Stopy v pam\u00e4ti\" data-title=\"Stopy v pam\u00e4ti\" style=\" width:215px; height:215px;\" \/><\/div><FIGCAPTION class=\"\" data-alpha=\"5\" style=\"color:#ffffff; background-color:#6f0000; font-size:140; text-align:2; font-family:;\" ><div class=\"grid-gallery-figcaption-wrap\" style=\" vertical-align:;\"><div class=\"gg-image-caption fitvidsignore\" style=\"font-size:140;\"><object type=\"none\/none\">Stopy v pam\u00e4ti <\/object><\/div><\/div><\/FIGCAPTION><\/FIGURE><\/a><a id=\"gg-5-110\" class=\"gg-link \" data-attachment-id=\"332\" href=\"https:\/\/www.odivo.sk\/wp-content\/uploads\/2017\/02\/IMG_7071.jpg?gid=5\" target=\"_self\" title=\"Stopy v pam\u00e4ti\" data-rel=\"prettyPhoto[pp_gal]\" style=\"border-radius:00;\" ><FIGURE class=\"grid-gallery-caption\" data-grid-gallery-type=\"quarter-slide-up\" data-index=\"13\" style=\"display:none;border-radius:00;; margin:5.3px; width:2150;\" ><div class=\"crop\" style=\" width:2150; height:2150; overflow:hidden;\"><img src=\"https:\/\/www.odivo.sk\/wp-content\/uploads\/2017\/02\/IMG_7071.jpg\" class=\"ggImg\" alt=\"Stopy v pam\u00e4ti\" title=\"Stopy v pam\u00e4ti\" data-description=\"Stopy v pam\u00e4ti\" data-caption=\"Stopy v pam\u00e4ti\" data-title=\"Stopy v pam\u00e4ti\" style=\" width:215px; height:215px;\" \/><\/div><FIGCAPTION class=\"\" data-alpha=\"5\" style=\"color:#ffffff; background-color:#6f0000; font-size:140; text-align:2; font-family:;\" ><div class=\"grid-gallery-figcaption-wrap\" style=\" vertical-align:;\"><div class=\"gg-image-caption fitvidsignore\" style=\"font-size:140;\"><object type=\"none\/none\">Stopy v pam\u00e4ti <\/object><\/div><\/div><\/FIGCAPTION><\/FIGURE><\/a><a id=\"gg-5-111\" class=\"gg-link \" data-attachment-id=\"333\" href=\"https:\/\/www.odivo.sk\/wp-content\/uploads\/2017\/02\/IMG_7077.jpg?gid=5\" target=\"_self\" title=\"Stopy v pam\u00e4ti\" data-rel=\"prettyPhoto[pp_gal]\" style=\"border-radius:00;\" ><FIGURE class=\"grid-gallery-caption\" data-grid-gallery-type=\"quarter-slide-up\" data-index=\"14\" style=\"display:none;border-radius:00;; margin:5.3px; width:2150;\" ><div class=\"crop\" style=\" width:2150; height:2150; overflow:hidden;\"><img src=\"https:\/\/www.odivo.sk\/wp-content\/uploads\/2017\/02\/IMG_7077.jpg\" class=\"ggImg\" alt=\"Stopy v pam\u00e4ti\" title=\"Stopy v pam\u00e4ti\" data-description=\"Stopy v pam\u00e4ti\" data-caption=\"Stopy v pam\u00e4ti\" data-title=\"Stopy v pam\u00e4ti\" style=\" width:215px; height:215px;\" \/><\/div><FIGCAPTION class=\"\" data-alpha=\"5\" style=\"color:#ffffff; background-color:#6f0000; font-size:140; text-align:2; font-family:;\" ><div class=\"grid-gallery-figcaption-wrap\" style=\" vertical-align:;\"><div class=\"gg-image-caption fitvidsignore\" style=\"font-size:140;\"><object type=\"none\/none\">Stopy v pam\u00e4ti <\/object><\/div><\/div><\/FIGCAPTION><\/FIGURE><\/a><a id=\"gg-5-115\" class=\"gg-link \" data-attachment-id=\"337\" href=\"https:\/\/www.odivo.sk\/wp-content\/uploads\/2017\/02\/IMG_7108.jpg?gid=5\" target=\"_self\" title=\"Stopy v pam\u00e4ti\" data-rel=\"prettyPhoto[pp_gal]\" style=\"border-radius:00;\" ><FIGURE class=\"grid-gallery-caption\" data-grid-gallery-type=\"quarter-slide-up\" data-index=\"15\" style=\"display:none;border-radius:00;; margin:5.3px; width:2150;\" ><div class=\"crop\" style=\" width:2150; height:2150; overflow:hidden;\"><img src=\"https:\/\/www.odivo.sk\/wp-content\/uploads\/2017\/02\/IMG_7108.jpg\" class=\"ggImg\" alt=\"Stopy v pam\u00e4ti\" title=\"Stopy v pam\u00e4ti\" data-description=\"Stopy v pam\u00e4ti\" data-caption=\"Stopy v pam\u00e4ti\" data-title=\"Stopy v pam\u00e4ti\" style=\" width:215px; height:215px;\" \/><\/div><FIGCAPTION class=\"\" data-alpha=\"5\" style=\"color:#ffffff; background-color:#6f0000; font-size:140; text-align:2; font-family:;\" ><div class=\"grid-gallery-figcaption-wrap\" style=\" vertical-align:;\"><div class=\"gg-image-caption fitvidsignore\" style=\"font-size:140;\"><object type=\"none\/none\">Stopy v pam\u00e4ti <\/object><\/div><\/div><\/FIGCAPTION><\/FIGURE><\/a><a id=\"gg-5-116\" class=\"gg-link \" data-attachment-id=\"338\" href=\"https:\/\/www.odivo.sk\/wp-content\/uploads\/2017\/02\/IMG_7112.jpg?gid=5\" target=\"_self\" title=\"Stopy v pam\u00e4ti\" data-rel=\"prettyPhoto[pp_gal]\" style=\"border-radius:00;\" ><FIGURE class=\"grid-gallery-caption\" data-grid-gallery-type=\"quarter-slide-up\" data-index=\"16\" style=\"display:none;border-radius:00;; margin:5.3px; width:2150;\" ><div class=\"crop\" style=\" width:2150; height:2150; overflow:hidden;\"><img src=\"https:\/\/www.odivo.sk\/wp-content\/uploads\/2017\/02\/IMG_7112.jpg\" class=\"ggImg\" alt=\"Stopy v pam\u00e4ti\" title=\"Stopy v pam\u00e4ti\" data-description=\"Stopy v pam\u00e4ti\" data-caption=\"Stopy v pam\u00e4ti\" data-title=\"Stopy v pam\u00e4ti\" style=\" width:215px; height:215px;\" \/><\/div><FIGCAPTION class=\"\" data-alpha=\"5\" style=\"color:#ffffff; background-color:#6f0000; font-size:140; text-align:2; font-family:;\" ><div class=\"grid-gallery-figcaption-wrap\" style=\" vertical-align:;\"><div class=\"gg-image-caption fitvidsignore\" style=\"font-size:140;\"><object type=\"none\/none\">Stopy v pam\u00e4ti <\/object><\/div><\/div><\/FIGCAPTION><\/FIGURE><\/a><a id=\"gg-5-112\" class=\"gg-link \" data-attachment-id=\"334\" href=\"https:\/\/www.odivo.sk\/wp-content\/uploads\/2017\/02\/IMG_7086.jpg?gid=5\" target=\"_self\" title=\"Stopy v pam\u00e4ti\" data-rel=\"prettyPhoto[pp_gal]\" style=\"border-radius:00;\" ><FIGURE class=\"grid-gallery-caption\" data-grid-gallery-type=\"quarter-slide-up\" data-index=\"17\" style=\"display:none;border-radius:00;; margin:5.3px; width:2150;\" ><div class=\"crop\" style=\" width:2150; height:2150; overflow:hidden;\"><img src=\"https:\/\/www.odivo.sk\/wp-content\/uploads\/2017\/02\/IMG_7086.jpg\" class=\"ggImg\" alt=\"Stopy v pam\u00e4ti\" title=\"Stopy v pam\u00e4ti\" data-description=\"Stopy v pam\u00e4ti\" data-caption=\"Stopy v pam\u00e4ti\" data-title=\"Stopy v pam\u00e4ti\" style=\" width:215px; height:215px;\" \/><\/div><FIGCAPTION class=\"\" data-alpha=\"5\" style=\"color:#ffffff; background-color:#6f0000; font-size:140; text-align:2; font-family:;\" ><div class=\"grid-gallery-figcaption-wrap\" style=\" vertical-align:;\"><div class=\"gg-image-caption fitvidsignore\" style=\"font-size:140;\"><object type=\"none\/none\">Stopy v pam\u00e4ti <\/object><\/div><\/div><\/FIGCAPTION><\/FIGURE><\/a> <div class=\"grid-gallery-clearfix\"><\/div> <\/div> <div class=\"gallery-sharing-bottom\"><\/div> <div class=\"grid-gallery-clearfix\"><\/div> <\/div> <!-- Gallery by Supsystic plugin1.15.13 --><\/p>","protected":false},"excerpt":{"rendered":"<div class=\"entry-summary\">\nThe performance Traces in the memory are inspired by personal experience of performers Maja Danadov\u00e1 and Monika Kov\u00e1\u010dov\u00e1 &#8211; their&hellip;\n<\/div>\n<div class=\"link-more\"><a href=\"https:\/\/www.odivo.sk\/en\/repertoar\/stopy-v-pamati\/\" class=\"more-link\">Continue reading<span class=\"screen-reader-text\"> &ldquo;Traces in the memory&rdquo;<\/span>&hellip;<\/a><\/div>\n","protected":false},"author":1,"featured_media":0,"parent":19,"menu_order":0,"comment_status":"closed","ping_status":"closed","template":"","meta":{"footnotes":""},"acf":[],"_links":{"self":[{"href":"https:\/\/www.odivo.sk\/en\/wp-json\/wp\/v2\/pages\/299"}],"collection":[{"href":"https:\/\/www.odivo.sk\/en\/wp-json\/wp\/v2\/pages"}],"about":[{"href":"https:\/\/www.odivo.sk\/en\/wp-json\/wp\/v2\/types\/page"}],"author":[{"embeddable":true,"href":"https:\/\/www.odivo.sk\/en\/wp-json\/wp\/v2\/users\/1"}],"replies":[{"embeddable":true,"href":"https:\/\/www.odivo.sk\/en\/wp-json\/wp\/v2\/comments?post=299"}],"version-history":[{"count":23,"href":"https:\/\/www.odivo.sk\/en\/wp-json\/wp\/v2\/pages\/299\/revisions"}],"predecessor-version":[{"id":689,"href":"https:\/\/www.odivo.sk\/en\/wp-json\/wp\/v2\/pages\/299\/revisions\/689"}],"up":[{"embeddable":true,"href":"https:\/\/www.odivo.sk\/en\/wp-json\/wp\/v2\/pages\/19"}],"wp:attachment":[{"href":"https:\/\/www.odivo.sk\/en\/wp-json\/wp\/v2\/media?parent=299"}],"curies":[{"name":"wp","href":"https:\/\/api.w.org\/{rel}","templated":true}]}}