{"id":539,"date":"2018-03-18T18:00:50","date_gmt":"2018-03-18T17:00:50","guid":{"rendered":"http:\/\/www.odivo.sk\/?page_id=539"},"modified":"2021-10-15T15:58:38","modified_gmt":"2021-10-15T13:58:38","slug":"aero","status":"publish","type":"page","link":"https:\/\/www.odivo.sk\/en\/repertoar\/aero\/","title":{"rendered":"Aero"},"content":{"rendered":"<p><em>Aero is about flying, moving in the air =&gt; flowing moves different materials =&gt; air vibration sounds like music =&gt; air laboratory for children from 1.5\u00a0 years old, their parents and all who want to fly away =&gt;<\/em><\/p>\n<p><strong>Scene and costumes =&gt;<\/strong> Ivana Mackov\u00e1<br \/>\n<strong>Music =&gt;<\/strong> Matej H\u00e1asz<br \/>\n<strong>Light design =&gt;<\/strong> Milan Slama<br \/>\n<strong>Director =&gt;<\/strong> Monika Kov\u00e1\u010dov\u00e1<\/p>\n<p><strong>Performers =&gt;<\/strong> M\u00e1ria Danadov\u00e1 and Juraj Smutn\u00fd<\/p>\n<p><strong>Photos=&gt;<\/strong> J\u00e1n Chmel\u00edk<\/p>\n<p>Supported by Slovak Arts Council.<br \/>\n<img decoding=\"async\" loading=\"lazy\" class=\"alignnone wp-image-358\" src=\"http:\/\/www.odivo.sk\/wp-content\/uploads\/2016\/10\/FPU_logo1_modre-1-420x315.jpg\" alt=\"Fond na podporu umenia\" width=\"150\" height=\"113\" srcset=\"https:\/\/www.odivo.sk\/wp-content\/uploads\/2016\/10\/FPU_logo1_modre-1-420x315.jpg 420w, https:\/\/www.odivo.sk\/wp-content\/uploads\/2016\/10\/FPU_logo1_modre-1-744x558.jpg 744w, https:\/\/www.odivo.sk\/wp-content\/uploads\/2016\/10\/FPU_logo1_modre-1-768x576.jpg 768w, https:\/\/www.odivo.sk\/wp-content\/uploads\/2016\/10\/FPU_logo1_modre-1-1200x900.jpg 1200w, https:\/\/www.odivo.sk\/wp-content\/uploads\/2016\/10\/FPU_logo1_modre-1.jpg 2048w\" sizes=\"(max-width: 150px) 100vw, 150px\" \/><\/p>\n<p><b>Many thanks to=&gt;<\/b><br \/>\nMestsk\u00e9 divadlo za Pas\u00e1\u017ee,\u00a0Z\u00e1hrada &#8211; centrum nez\u00e1vislej kult\u00fary<\/p>\n<p><div id=\"grid-gallery-7-97428\" data-gg-id=\"7\" data-title=\"Aero\" data-grid-type=\"0\" data-offset=\"5.3\" data-area-position=\"center\" data-icons=\"false\" data-preloader=\"\" data-width=\"215\" data-height=\"215\" data-padding=\"\" data-quicksand=\"disabled\" data-quicksand-duration=\"none\" data-popup-theme=\"theme_6\" data-popup-type=\"pretty-photo\" data-popup-image-text=\"title\" data-popup-widthsize=\"auto\" data-popup-heightsize=\"auto\" data-popup-i18n-words=\"{&quot;close&quot;:&quot;close&quot;,&quot;next&quot;:&quot;next&quot;,&quot;previous&quot;:&quot;previous&quot;,&quot;start_slideshow&quot;:&quot;start slideshow&quot;,&quot;stop_slideshow&quot;:&quot;stop slideshow&quot;,&quot;image&quot;:&quot;image&quot;,&quot;of&quot;:&quot;of&quot;,&quot;prev&quot;:&quot;prev&quot;,&quot;cExpand&quot;:&quot;Expand&quot;,&quot;cPrevious&quot;:&quot;Previous&quot;,&quot;cNext&quot;:&quot;Next&quot;,&quot;cExpandStr&quot;:&quot;Expand the image&quot;,&quot;cRotate&quot;:&quot;Rotate&quot;,&quot;cDetails&quot;:&quot;Details&quot;}\" data-popup-slideshow=\"false\" data-popup-slideshow-speed=\"2500\" data-popup-hoverstop=\"true\" data-popup-slideshow-auto=\"false\" data-popup-background=\"\" data-popup-transparency=\"30\" data-popup-disable-history=\"\" data-popup-disable-changed-url=\"\" data-popup-border-type=\"\" data-popup-border-color=\"\" data-popup-border-width=\"\" data-popup-border-enable=\"\" data-fullscreen=\"false\" data-hide-tooltip=\"\" data-caption-font-family=\"\" data-caption-text-size=\"140\" data-is-mobile=\"0\" data-caption-mobile=\"false\" data-hide-long-tltp-title=\"0\" data-caption-disabled-on-mobile=\"false\" data-popup-placement-type=\"0\" data-social-sharing=\"{&quot;enabled&quot;:null,&quot;gallerySharing&quot;:{&quot;enabled&quot;:null,&quot;position&quot;:null},&quot;imageSharing&quot;:{&quot;enabled&quot;:null,&quot;wrapperClass&quot;:&quot; vertical &quot;},&quot;popupSharing&quot;:{&quot;enabled&quot;:null,&quot;wrapperClass&quot;:&quot; vertical &quot;}}\" class=\"grid-gallery grid-gallery-fixed \" style=\" width:100%; height:auto; margin-left:auto; margin-right:auto;position:relative;\"> <div class=\"gallery-loading\"> <div class=\"blocks\"> <div class=\"block\"><\/div> <div class=\"block\"><\/div> <div class=\"block\"><\/div> <div class=\"block\"><\/div> <\/div> <\/div> <div class=\"gallery-sharing-top\"><\/div> <div id=\"photos-7\" class=\"grid-gallery-photos\"><a id=\"gg-7-117\" class=\"gg-link \" data-attachment-id=\"554\" href=\"https:\/\/www.odivo.sk\/wp-content\/uploads\/2018\/03\/AERO-1.jpg?gid=7\" target=\"_self\" title=\"\" data-rel=\"prettyPhoto[pp_gal]\" style=\"border-radius:00;\" ><FIGURE class=\"grid-gallery-caption\" data-grid-gallery-type=\"quarter-slide-up\" data-index=\"0\" style=\"display:none;border-radius:00;; margin:5.3px; width:2150;\" ><div class=\"crop\" style=\" width:2150; height:2150; overflow:hidden;\"><img src=\"https:\/\/www.odivo.sk\/wp-content\/uploads\/2018\/03\/AERO-1.jpg\" class=\"ggImg\" alt=\"\" title=\"\" data-description=\"\" data-caption=\"\" data-title=\"\" style=\" width:215px; height:215px;\" \/><\/div><FIGCAPTION class=\"\" data-alpha=\"5\" style=\"color:#ffffff; background-color:#6f0000; font-size:140; text-align:2; font-family:;\" ><div class=\"grid-gallery-figcaption-wrap\" style=\" vertical-align:;\"><\/div><\/FIGCAPTION><\/FIGURE><\/a><a id=\"gg-7-118\" class=\"gg-link \" data-attachment-id=\"556\" href=\"https:\/\/www.odivo.sk\/wp-content\/uploads\/2018\/03\/AERO-3.jpg?gid=7\" target=\"_self\" title=\"\" data-rel=\"prettyPhoto[pp_gal]\" style=\"border-radius:00;\" ><FIGURE class=\"grid-gallery-caption\" data-grid-gallery-type=\"quarter-slide-up\" data-index=\"1\" style=\"display:none;border-radius:00;; margin:5.3px; width:2150;\" ><div class=\"crop\" style=\" width:2150; height:2150; overflow:hidden;\"><img src=\"https:\/\/www.odivo.sk\/wp-content\/uploads\/2018\/03\/AERO-3.jpg\" class=\"ggImg\" alt=\"\" title=\"\" data-description=\"\" data-caption=\"\" data-title=\"\" style=\" width:215px; height:215px;\" \/><\/div><FIGCAPTION class=\"\" data-alpha=\"5\" style=\"color:#ffffff; background-color:#6f0000; font-size:140; text-align:2; font-family:;\" ><div class=\"grid-gallery-figcaption-wrap\" style=\" vertical-align:;\"><\/div><\/FIGCAPTION><\/FIGURE><\/a><a id=\"gg-7-135\" class=\"gg-link \" data-attachment-id=\"555\" href=\"https:\/\/www.odivo.sk\/wp-content\/uploads\/2018\/03\/AERO-2.jpg?gid=7\" target=\"_self\" title=\"\" data-rel=\"prettyPhoto[pp_gal]\" style=\"border-radius:00;\" ><FIGURE class=\"grid-gallery-caption\" data-grid-gallery-type=\"quarter-slide-up\" data-index=\"2\" style=\"display:none;border-radius:00;; margin:5.3px; width:2150;\" ><div class=\"crop\" style=\" width:2150; height:2150; overflow:hidden;\"><img src=\"https:\/\/www.odivo.sk\/wp-content\/uploads\/2018\/03\/AERO-2.jpg\" class=\"ggImg\" alt=\"\" title=\"\" data-description=\"\" data-caption=\"\" data-title=\"\" style=\" width:215px; height:215px;\" \/><\/div><FIGCAPTION class=\"\" data-alpha=\"5\" style=\"color:#ffffff; background-color:#6f0000; font-size:140; text-align:2; font-family:;\" ><div class=\"grid-gallery-figcaption-wrap\" style=\" vertical-align:;\"><\/div><\/FIGCAPTION><\/FIGURE><\/a><a id=\"gg-7-119\" class=\"gg-link \" data-attachment-id=\"557\" href=\"https:\/\/www.odivo.sk\/wp-content\/uploads\/2018\/03\/Aero-4.jpg?gid=7\" target=\"_self\" title=\"\" data-rel=\"prettyPhoto[pp_gal]\" style=\"border-radius:00;\" ><FIGURE class=\"grid-gallery-caption\" data-grid-gallery-type=\"quarter-slide-up\" data-index=\"3\" style=\"display:none;border-radius:00;; margin:5.3px; width:2150;\" ><div class=\"crop\" style=\" width:2150; height:2150; overflow:hidden;\"><img src=\"https:\/\/www.odivo.sk\/wp-content\/uploads\/2018\/03\/Aero-4.jpg\" class=\"ggImg\" alt=\"\" title=\"\" data-description=\"\" data-caption=\"\" data-title=\"\" style=\" width:215px; height:215px;\" \/><\/div><FIGCAPTION class=\"\" data-alpha=\"5\" style=\"color:#ffffff; background-color:#6f0000; font-size:140; text-align:2; font-family:;\" ><div class=\"grid-gallery-figcaption-wrap\" style=\" vertical-align:;\"><\/div><\/FIGCAPTION><\/FIGURE><\/a><a id=\"gg-7-120\" class=\"gg-link \" data-attachment-id=\"558\" href=\"https:\/\/www.odivo.sk\/wp-content\/uploads\/2018\/03\/Aero-5.jpg?gid=7\" target=\"_self\" title=\"\" data-rel=\"prettyPhoto[pp_gal]\" style=\"border-radius:00;\" ><FIGURE class=\"grid-gallery-caption\" data-grid-gallery-type=\"quarter-slide-up\" data-index=\"4\" style=\"display:none;border-radius:00;; margin:5.3px; width:2150;\" ><div class=\"crop\" style=\" width:2150; height:2150; overflow:hidden;\"><img src=\"https:\/\/www.odivo.sk\/wp-content\/uploads\/2018\/03\/Aero-5.jpg\" class=\"ggImg\" alt=\"\" title=\"\" data-description=\"\" data-caption=\"\" data-title=\"\" style=\" width:215px; height:215px;\" \/><\/div><FIGCAPTION class=\"\" data-alpha=\"5\" style=\"color:#ffffff; background-color:#6f0000; font-size:140; text-align:2; font-family:;\" ><div class=\"grid-gallery-figcaption-wrap\" style=\" vertical-align:;\"><\/div><\/FIGCAPTION><\/FIGURE><\/a><a id=\"gg-7-121\" class=\"gg-link \" data-attachment-id=\"559\" href=\"https:\/\/www.odivo.sk\/wp-content\/uploads\/2018\/03\/Aero-6.jpg?gid=7\" target=\"_self\" title=\"\" data-rel=\"prettyPhoto[pp_gal]\" style=\"border-radius:00;\" ><FIGURE class=\"grid-gallery-caption\" data-grid-gallery-type=\"quarter-slide-up\" data-index=\"5\" style=\"display:none;border-radius:00;; margin:5.3px; width:2150;\" ><div class=\"crop\" style=\" width:2150; height:2150; overflow:hidden;\"><img src=\"https:\/\/www.odivo.sk\/wp-content\/uploads\/2018\/03\/Aero-6.jpg\" class=\"ggImg\" alt=\"\" title=\"\" data-description=\"\" data-caption=\"\" data-title=\"\" style=\" width:215px; height:215px;\" \/><\/div><FIGCAPTION class=\"\" data-alpha=\"5\" style=\"color:#ffffff; background-color:#6f0000; font-size:140; text-align:2; font-family:;\" ><div class=\"grid-gallery-figcaption-wrap\" style=\" vertical-align:;\"><\/div><\/FIGCAPTION><\/FIGURE><\/a><a id=\"gg-7-122\" class=\"gg-link \" data-attachment-id=\"560\" href=\"https:\/\/www.odivo.sk\/wp-content\/uploads\/2018\/03\/Aero-7.jpg?gid=7\" target=\"_self\" title=\"\" data-rel=\"prettyPhoto[pp_gal]\" style=\"border-radius:00;\" ><FIGURE class=\"grid-gallery-caption\" data-grid-gallery-type=\"quarter-slide-up\" data-index=\"6\" style=\"display:none;border-radius:00;; margin:5.3px; width:2150;\" ><div class=\"crop\" style=\" width:2150; height:2150; overflow:hidden;\"><img src=\"https:\/\/www.odivo.sk\/wp-content\/uploads\/2018\/03\/Aero-7.jpg\" class=\"ggImg\" alt=\"\" title=\"\" data-description=\"\" data-caption=\"\" data-title=\"\" style=\" width:215px; height:215px;\" \/><\/div><FIGCAPTION class=\"\" data-alpha=\"5\" style=\"color:#ffffff; background-color:#6f0000; font-size:140; text-align:2; font-family:;\" ><div class=\"grid-gallery-figcaption-wrap\" style=\" vertical-align:;\"><\/div><\/FIGCAPTION><\/FIGURE><\/a><a id=\"gg-7-123\" class=\"gg-link \" data-attachment-id=\"561\" href=\"https:\/\/www.odivo.sk\/wp-content\/uploads\/2018\/03\/Aero-8.jpg?gid=7\" target=\"_self\" title=\"\" data-rel=\"prettyPhoto[pp_gal]\" style=\"border-radius:00;\" ><FIGURE class=\"grid-gallery-caption\" data-grid-gallery-type=\"quarter-slide-up\" data-index=\"7\" style=\"display:none;border-radius:00;; margin:5.3px; width:2150;\" ><div class=\"crop\" style=\" width:2150; height:2150; overflow:hidden;\"><img src=\"https:\/\/www.odivo.sk\/wp-content\/uploads\/2018\/03\/Aero-8.jpg\" class=\"ggImg\" alt=\"\" title=\"\" data-description=\"\" data-caption=\"\" data-title=\"\" style=\" width:215px; height:215px;\" \/><\/div><FIGCAPTION class=\"\" data-alpha=\"5\" style=\"color:#ffffff; background-color:#6f0000; font-size:140; text-align:2; font-family:;\" ><div class=\"grid-gallery-figcaption-wrap\" style=\" vertical-align:;\"><\/div><\/FIGCAPTION><\/FIGURE><\/a><a id=\"gg-7-124\" class=\"gg-link \" data-attachment-id=\"562\" href=\"https:\/\/www.odivo.sk\/wp-content\/uploads\/2018\/03\/Aero-9.jpg?gid=7\" target=\"_self\" title=\"\" data-rel=\"prettyPhoto[pp_gal]\" style=\"border-radius:00;\" ><FIGURE class=\"grid-gallery-caption\" data-grid-gallery-type=\"quarter-slide-up\" data-index=\"8\" style=\"display:none;border-radius:00;; margin:5.3px; width:2150;\" ><div class=\"crop\" style=\" width:2150; height:2150; overflow:hidden;\"><img src=\"https:\/\/www.odivo.sk\/wp-content\/uploads\/2018\/03\/Aero-9.jpg\" class=\"ggImg\" alt=\"\" title=\"\" data-description=\"\" data-caption=\"\" data-title=\"\" style=\" width:215px; height:215px;\" \/><\/div><FIGCAPTION class=\"\" data-alpha=\"5\" style=\"color:#ffffff; background-color:#6f0000; font-size:140; text-align:2; font-family:;\" ><div class=\"grid-gallery-figcaption-wrap\" style=\" vertical-align:;\"><\/div><\/FIGCAPTION><\/FIGURE><\/a><a id=\"gg-7-125\" class=\"gg-link \" data-attachment-id=\"563\" href=\"https:\/\/www.odivo.sk\/wp-content\/uploads\/2018\/03\/Aero-10.jpg?gid=7\" target=\"_self\" title=\"\" data-rel=\"prettyPhoto[pp_gal]\" style=\"border-radius:00;\" ><FIGURE class=\"grid-gallery-caption\" data-grid-gallery-type=\"quarter-slide-up\" data-index=\"9\" style=\"display:none;border-radius:00;; margin:5.3px; width:2150;\" ><div class=\"crop\" style=\" width:2150; height:2150; overflow:hidden;\"><img src=\"https:\/\/www.odivo.sk\/wp-content\/uploads\/2018\/03\/Aero-10.jpg\" class=\"ggImg\" alt=\"\" title=\"\" data-description=\"\" data-caption=\"\" data-title=\"\" style=\" width:215px; height:215px;\" \/><\/div><FIGCAPTION class=\"\" data-alpha=\"5\" style=\"color:#ffffff; background-color:#6f0000; font-size:140; text-align:2; font-family:;\" ><div class=\"grid-gallery-figcaption-wrap\" style=\" vertical-align:;\"><\/div><\/FIGCAPTION><\/FIGURE><\/a><a id=\"gg-7-126\" class=\"gg-link \" data-attachment-id=\"564\" href=\"https:\/\/www.odivo.sk\/wp-content\/uploads\/2018\/03\/Aero-11.jpg?gid=7\" target=\"_self\" title=\"\" data-rel=\"prettyPhoto[pp_gal]\" style=\"border-radius:00;\" ><FIGURE class=\"grid-gallery-caption\" data-grid-gallery-type=\"quarter-slide-up\" data-index=\"10\" style=\"display:none;border-radius:00;; margin:5.3px; width:2150;\" ><div class=\"crop\" style=\" width:2150; height:2150; overflow:hidden;\"><img src=\"https:\/\/www.odivo.sk\/wp-content\/uploads\/2018\/03\/Aero-11.jpg\" class=\"ggImg\" alt=\"\" title=\"\" data-description=\"\" data-caption=\"\" data-title=\"\" style=\" width:215px; height:215px;\" \/><\/div><FIGCAPTION class=\"\" data-alpha=\"5\" style=\"color:#ffffff; background-color:#6f0000; font-size:140; text-align:2; font-family:;\" ><div class=\"grid-gallery-figcaption-wrap\" style=\" vertical-align:;\"><\/div><\/FIGCAPTION><\/FIGURE><\/a><a id=\"gg-7-127\" class=\"gg-link \" data-attachment-id=\"565\" href=\"https:\/\/www.odivo.sk\/wp-content\/uploads\/2018\/03\/Aero-12.jpg?gid=7\" target=\"_self\" title=\"\" data-rel=\"prettyPhoto[pp_gal]\" style=\"border-radius:00;\" ><FIGURE class=\"grid-gallery-caption\" data-grid-gallery-type=\"quarter-slide-up\" data-index=\"11\" style=\"display:none;border-radius:00;; margin:5.3px; width:2150;\" ><div class=\"crop\" style=\" width:2150; height:2150; overflow:hidden;\"><img src=\"https:\/\/www.odivo.sk\/wp-content\/uploads\/2018\/03\/Aero-12.jpg\" class=\"ggImg\" alt=\"\" title=\"\" data-description=\"\" data-caption=\"\" data-title=\"\" style=\" width:215px; height:215px;\" \/><\/div><FIGCAPTION class=\"\" data-alpha=\"5\" style=\"color:#ffffff; background-color:#6f0000; font-size:140; text-align:2; font-family:;\" ><div class=\"grid-gallery-figcaption-wrap\" style=\" vertical-align:;\"><\/div><\/FIGCAPTION><\/FIGURE><\/a><a id=\"gg-7-128\" class=\"gg-link \" data-attachment-id=\"566\" href=\"https:\/\/www.odivo.sk\/wp-content\/uploads\/2018\/03\/Aero-13.jpg?gid=7\" target=\"_self\" title=\"\" data-rel=\"prettyPhoto[pp_gal]\" style=\"border-radius:00;\" ><FIGURE class=\"grid-gallery-caption\" data-grid-gallery-type=\"quarter-slide-up\" data-index=\"12\" style=\"display:none;border-radius:00;; margin:5.3px; width:2150;\" ><div class=\"crop\" style=\" width:2150; height:2150; overflow:hidden;\"><img src=\"https:\/\/www.odivo.sk\/wp-content\/uploads\/2018\/03\/Aero-13.jpg\" class=\"ggImg\" alt=\"\" title=\"\" data-description=\"\" data-caption=\"\" data-title=\"\" style=\" width:215px; height:215px;\" \/><\/div><FIGCAPTION class=\"\" data-alpha=\"5\" style=\"color:#ffffff; background-color:#6f0000; font-size:140; text-align:2; font-family:;\" ><div class=\"grid-gallery-figcaption-wrap\" style=\" vertical-align:;\"><\/div><\/FIGCAPTION><\/FIGURE><\/a><a id=\"gg-7-129\" class=\"gg-link \" data-attachment-id=\"567\" href=\"https:\/\/www.odivo.sk\/wp-content\/uploads\/2018\/03\/Aero-14.jpg?gid=7\" target=\"_self\" title=\"\" data-rel=\"prettyPhoto[pp_gal]\" style=\"border-radius:00;\" ><FIGURE class=\"grid-gallery-caption\" data-grid-gallery-type=\"quarter-slide-up\" data-index=\"13\" style=\"display:none;border-radius:00;; margin:5.3px; width:2150;\" ><div class=\"crop\" style=\" width:2150; height:2150; overflow:hidden;\"><img src=\"https:\/\/www.odivo.sk\/wp-content\/uploads\/2018\/03\/Aero-14.jpg\" class=\"ggImg\" alt=\"\" title=\"\" data-description=\"\" data-caption=\"\" data-title=\"\" style=\" width:215px; height:215px;\" \/><\/div><FIGCAPTION class=\"\" data-alpha=\"5\" style=\"color:#ffffff; background-color:#6f0000; font-size:140; text-align:2; font-family:;\" ><div class=\"grid-gallery-figcaption-wrap\" style=\" vertical-align:;\"><\/div><\/FIGCAPTION><\/FIGURE><\/a><a id=\"gg-7-130\" class=\"gg-link \" data-attachment-id=\"568\" href=\"https:\/\/www.odivo.sk\/wp-content\/uploads\/2018\/03\/Aero-15.jpg?gid=7\" target=\"_self\" title=\"\" data-rel=\"prettyPhoto[pp_gal]\" style=\"border-radius:00;\" ><FIGURE class=\"grid-gallery-caption\" data-grid-gallery-type=\"quarter-slide-up\" data-index=\"14\" style=\"display:none;border-radius:00;; margin:5.3px; width:2150;\" ><div class=\"crop\" style=\" width:2150; height:2150; overflow:hidden;\"><img src=\"https:\/\/www.odivo.sk\/wp-content\/uploads\/2018\/03\/Aero-15.jpg\" class=\"ggImg\" alt=\"\" title=\"\" data-description=\"\" data-caption=\"\" data-title=\"\" style=\" width:215px; height:215px;\" \/><\/div><FIGCAPTION class=\"\" data-alpha=\"5\" style=\"color:#ffffff; background-color:#6f0000; font-size:140; text-align:2; font-family:;\" ><div class=\"grid-gallery-figcaption-wrap\" style=\" vertical-align:;\"><\/div><\/FIGCAPTION><\/FIGURE><\/a><a id=\"gg-7-131\" class=\"gg-link \" data-attachment-id=\"569\" href=\"https:\/\/www.odivo.sk\/wp-content\/uploads\/2018\/03\/Aero-16.jpg?gid=7\" target=\"_self\" title=\"\" data-rel=\"prettyPhoto[pp_gal]\" style=\"border-radius:00;\" ><FIGURE class=\"grid-gallery-caption\" data-grid-gallery-type=\"quarter-slide-up\" data-index=\"15\" style=\"display:none;border-radius:00;; margin:5.3px; width:2150;\" ><div class=\"crop\" style=\" width:2150; height:2150; overflow:hidden;\"><img src=\"https:\/\/www.odivo.sk\/wp-content\/uploads\/2018\/03\/Aero-16.jpg\" class=\"ggImg\" alt=\"\" title=\"\" data-description=\"\" data-caption=\"\" data-title=\"\" style=\" width:215px; height:215px;\" \/><\/div><FIGCAPTION class=\"\" data-alpha=\"5\" style=\"color:#ffffff; background-color:#6f0000; font-size:140; text-align:2; font-family:;\" ><div class=\"grid-gallery-figcaption-wrap\" style=\" vertical-align:;\"><\/div><\/FIGCAPTION><\/FIGURE><\/a><a id=\"gg-7-132\" class=\"gg-link \" data-attachment-id=\"570\" href=\"https:\/\/www.odivo.sk\/wp-content\/uploads\/2018\/03\/Aero-17.jpg?gid=7\" target=\"_self\" title=\"\" data-rel=\"prettyPhoto[pp_gal]\" style=\"border-radius:00;\" ><FIGURE class=\"grid-gallery-caption\" data-grid-gallery-type=\"quarter-slide-up\" data-index=\"16\" style=\"display:none;border-radius:00;; margin:5.3px; width:2150;\" ><div class=\"crop\" style=\" width:2150; height:2150; overflow:hidden;\"><img src=\"https:\/\/www.odivo.sk\/wp-content\/uploads\/2018\/03\/Aero-17.jpg\" class=\"ggImg\" alt=\"\" title=\"\" data-description=\"\" data-caption=\"\" data-title=\"\" style=\" width:215px; height:215px;\" \/><\/div><FIGCAPTION class=\"\" data-alpha=\"5\" style=\"color:#ffffff; background-color:#6f0000; font-size:140; text-align:2; font-family:;\" ><div class=\"grid-gallery-figcaption-wrap\" style=\" vertical-align:;\"><\/div><\/FIGCAPTION><\/FIGURE><\/a><a id=\"gg-7-133\" class=\"gg-link \" data-attachment-id=\"571\" href=\"https:\/\/www.odivo.sk\/wp-content\/uploads\/2018\/03\/Aero-18.jpg?gid=7\" target=\"_self\" title=\"\" data-rel=\"prettyPhoto[pp_gal]\" style=\"border-radius:00;\" ><FIGURE class=\"grid-gallery-caption\" data-grid-gallery-type=\"quarter-slide-up\" data-index=\"17\" style=\"display:none;border-radius:00;; margin:5.3px; width:2150;\" ><div class=\"crop\" style=\" width:2150; height:2150; overflow:hidden;\"><img src=\"https:\/\/www.odivo.sk\/wp-content\/uploads\/2018\/03\/Aero-18.jpg\" class=\"ggImg\" alt=\"\" title=\"\" data-description=\"\" data-caption=\"\" data-title=\"\" style=\" width:215px; height:215px;\" \/><\/div><FIGCAPTION class=\"\" data-alpha=\"5\" style=\"color:#ffffff; background-color:#6f0000; font-size:140; text-align:2; font-family:;\" ><div class=\"grid-gallery-figcaption-wrap\" style=\" vertical-align:;\"><\/div><\/FIGCAPTION><\/FIGURE><\/a><a id=\"gg-7-134\" class=\"gg-link \" data-attachment-id=\"572\" href=\"https:\/\/www.odivo.sk\/wp-content\/uploads\/2018\/03\/Aero-19.jpg?gid=7\" target=\"_self\" title=\"\" data-rel=\"prettyPhoto[pp_gal]\" style=\"border-radius:00;\" ><FIGURE class=\"grid-gallery-caption\" data-grid-gallery-type=\"quarter-slide-up\" data-index=\"18\" style=\"display:none;border-radius:00;; margin:5.3px; width:2150;\" ><div class=\"crop\" style=\" width:2150; height:2150; overflow:hidden;\"><img src=\"https:\/\/www.odivo.sk\/wp-content\/uploads\/2018\/03\/Aero-19.jpg\" class=\"ggImg\" alt=\"\" title=\"\" data-description=\"\" data-caption=\"\" data-title=\"\" style=\" width:215px; height:215px;\" \/><\/div><FIGCAPTION class=\"\" data-alpha=\"5\" style=\"color:#ffffff; background-color:#6f0000; font-size:140; text-align:2; font-family:;\" ><div class=\"grid-gallery-figcaption-wrap\" style=\" vertical-align:;\"><\/div><\/FIGCAPTION><\/FIGURE><\/a><a id=\"gg-7-136\" class=\"gg-link \" data-attachment-id=\"574\" href=\"https:\/\/www.odivo.sk\/wp-content\/uploads\/2018\/03\/Aero-21.jpg?gid=7\" target=\"_self\" title=\"\" data-rel=\"prettyPhoto[pp_gal]\" style=\"border-radius:00;\" ><FIGURE class=\"grid-gallery-caption\" data-grid-gallery-type=\"quarter-slide-up\" data-index=\"19\" style=\"display:none;border-radius:00;; margin:5.3px; width:2150;\" ><div class=\"crop\" style=\" width:2150; height:2150; overflow:hidden;\"><img src=\"https:\/\/www.odivo.sk\/wp-content\/uploads\/2018\/03\/Aero-21.jpg\" class=\"ggImg\" alt=\"\" title=\"\" data-description=\"\" data-caption=\"\" data-title=\"\" style=\" width:215px; height:215px;\" \/><\/div><FIGCAPTION class=\"\" data-alpha=\"5\" style=\"color:#ffffff; background-color:#6f0000; font-size:140; text-align:2; font-family:;\" ><div class=\"grid-gallery-figcaption-wrap\" style=\" vertical-align:;\"><\/div><\/FIGCAPTION><\/FIGURE><\/a><a id=\"gg-7-137\" class=\"gg-link \" data-attachment-id=\"573\" href=\"https:\/\/www.odivo.sk\/wp-content\/uploads\/2018\/03\/Aero-20.jpg?gid=7\" target=\"_self\" title=\"\" data-rel=\"prettyPhoto[pp_gal]\" style=\"border-radius:00;\" ><FIGURE class=\"grid-gallery-caption\" data-grid-gallery-type=\"quarter-slide-up\" data-index=\"20\" style=\"display:none;border-radius:00;; margin:5.3px; width:2150;\" ><div class=\"crop\" style=\" width:2150; height:2150; overflow:hidden;\"><img src=\"https:\/\/www.odivo.sk\/wp-content\/uploads\/2018\/03\/Aero-20.jpg\" class=\"ggImg\" alt=\"\" title=\"\" data-description=\"\" data-caption=\"\" data-title=\"\" style=\" width:215px; height:215px;\" \/><\/div><FIGCAPTION class=\"\" data-alpha=\"5\" style=\"color:#ffffff; background-color:#6f0000; font-size:140; text-align:2; font-family:;\" ><div class=\"grid-gallery-figcaption-wrap\" style=\" vertical-align:;\"><\/div><\/FIGCAPTION><\/FIGURE><\/a> <div class=\"grid-gallery-clearfix\"><\/div> <\/div> <div class=\"gallery-sharing-bottom\"><\/div> <div class=\"grid-gallery-clearfix\"><\/div> <\/div> <!-- Gallery by Supsystic plugin1.15.13 --><\/p>","protected":false},"excerpt":{"rendered":"<div class=\"entry-summary\">\nAero is about flying, moving in the air =&gt; flowing moves different materials =&gt; air vibration sounds like music =&gt;&hellip;\n<\/div>\n<div class=\"link-more\"><a href=\"https:\/\/www.odivo.sk\/en\/repertoar\/aero\/\" class=\"more-link\">Continue reading<span class=\"screen-reader-text\"> &ldquo;Aero&rdquo;<\/span>&hellip;<\/a><\/div>\n","protected":false},"author":1,"featured_media":0,"parent":19,"menu_order":0,"comment_status":"closed","ping_status":"closed","template":"","meta":{"footnotes":""},"acf":[],"_links":{"self":[{"href":"https:\/\/www.odivo.sk\/en\/wp-json\/wp\/v2\/pages\/539"}],"collection":[{"href":"https:\/\/www.odivo.sk\/en\/wp-json\/wp\/v2\/pages"}],"about":[{"href":"https:\/\/www.odivo.sk\/en\/wp-json\/wp\/v2\/types\/page"}],"author":[{"embeddable":true,"href":"https:\/\/www.odivo.sk\/en\/wp-json\/wp\/v2\/users\/1"}],"replies":[{"embeddable":true,"href":"https:\/\/www.odivo.sk\/en\/wp-json\/wp\/v2\/comments?post=539"}],"version-history":[{"count":12,"href":"https:\/\/www.odivo.sk\/en\/wp-json\/wp\/v2\/pages\/539\/revisions"}],"predecessor-version":[{"id":1005,"href":"https:\/\/www.odivo.sk\/en\/wp-json\/wp\/v2\/pages\/539\/revisions\/1005"}],"up":[{"embeddable":true,"href":"https:\/\/www.odivo.sk\/en\/wp-json\/wp\/v2\/pages\/19"}],"wp:attachment":[{"href":"https:\/\/www.odivo.sk\/en\/wp-json\/wp\/v2\/media?parent=539"}],"curies":[{"name":"wp","href":"https:\/\/api.w.org\/{rel}","templated":true}]}}