{"id":701,"date":"2020-05-20T06:55:19","date_gmt":"2020-05-20T04:55:19","guid":{"rendered":"http:\/\/www.odivo.sk\/?page_id=701"},"modified":"2020-05-23T15:44:41","modified_gmt":"2020-05-23T13:44:41","slug":"neviditelni","status":"publish","type":"page","link":"https:\/\/www.odivo.sk\/en\/projekty\/neviditelni\/","title":{"rendered":"(Sloven\u010dina) Nevidite\u013en\u00ed"},"content":{"rendered":"<p class=\"qtranxs-available-languages-message qtranxs-available-languages-message-en\">Sorry, this entry is only available in <a href=\"https:\/\/www.odivo.sk\/sk\/wp-json\/wp\/v2\/pages\/701\" class=\"qtranxs-available-language-link qtranxs-available-language-link-sk\" title=\"Sloven\u010dina\">Slovak<\/a>.<\/p>","protected":false},"excerpt":{"rendered":"<div class=\"entry-summary\">\nSorry, this entry is only available in Slovak.\n<\/div>\n<div class=\"link-more\"><a href=\"https:\/\/www.odivo.sk\/en\/projekty\/neviditelni\/\" class=\"more-link\">Continue reading<span class=\"screen-reader-text\"> &ldquo;(Sloven\u010dina) Nevidite\u013en\u00ed&rdquo;<\/span>&hellip;<\/a><\/div>\n","protected":false},"author":1,"featured_media":0,"parent":693,"menu_order":0,"comment_status":"closed","ping_status":"closed","template":"","meta":{"footnotes":""},"acf":[],"_links":{"self":[{"href":"https:\/\/www.odivo.sk\/en\/wp-json\/wp\/v2\/pages\/701"}],"collection":[{"href":"https:\/\/www.odivo.sk\/en\/wp-json\/wp\/v2\/pages"}],"about":[{"href":"https:\/\/www.odivo.sk\/en\/wp-json\/wp\/v2\/types\/page"}],"author":[{"embeddable":true,"href":"https:\/\/www.odivo.sk\/en\/wp-json\/wp\/v2\/users\/1"}],"replies":[{"embeddable":true,"href":"https:\/\/www.odivo.sk\/en\/wp-json\/wp\/v2\/comments?post=701"}],"version-history":[{"count":4,"href":"https:\/\/www.odivo.sk\/en\/wp-json\/wp\/v2\/pages\/701\/revisions"}],"predecessor-version":[{"id":746,"href":"https:\/\/www.odivo.sk\/en\/wp-json\/wp\/v2\/pages\/701\/revisions\/746"}],"up":[{"embeddable":true,"href":"https:\/\/www.odivo.sk\/en\/wp-json\/wp\/v2\/pages\/693"}],"wp:attachment":[{"href":"https:\/\/www.odivo.sk\/en\/wp-json\/wp\/v2\/media?parent=701"}],"curies":[{"name":"wp","href":"https:\/\/api.w.org\/{rel}","templated":true}]}}