{"id":908,"date":"2021-05-31T11:04:19","date_gmt":"2021-05-31T09:04:19","guid":{"rendered":"http:\/\/www.odivo.sk\/?page_id=908"},"modified":"2021-05-31T11:05:03","modified_gmt":"2021-05-31T09:05:03","slug":"vnutorne-procesy","status":"publish","type":"page","link":"https:\/\/www.odivo.sk\/en\/projekty\/vnutorne-procesy\/","title":{"rendered":"(Sloven\u010dina) Vn\u00fatorn\u00e9 procesy"},"content":{"rendered":"<p class=\"qtranxs-available-languages-message qtranxs-available-languages-message-en\">Sorry, this entry is only available in <a href=\"https:\/\/www.odivo.sk\/sk\/wp-json\/wp\/v2\/pages\/908\" class=\"qtranxs-available-language-link qtranxs-available-language-link-sk\" title=\"Sloven\u010dina\">Slovak<\/a>.<\/p>","protected":false},"excerpt":{"rendered":"<div class=\"entry-summary\">\nSorry, this entry is only available in Slovak.\n<\/div>\n<div class=\"link-more\"><a href=\"https:\/\/www.odivo.sk\/en\/projekty\/vnutorne-procesy\/\" class=\"more-link\">Continue reading<span class=\"screen-reader-text\"> &ldquo;(Sloven\u010dina) Vn\u00fatorn\u00e9 procesy&rdquo;<\/span>&hellip;<\/a><\/div>\n","protected":false},"author":1,"featured_media":0,"parent":693,"menu_order":0,"comment_status":"closed","ping_status":"closed","template":"","meta":{"footnotes":""},"acf":[],"_links":{"self":[{"href":"https:\/\/www.odivo.sk\/en\/wp-json\/wp\/v2\/pages\/908"}],"collection":[{"href":"https:\/\/www.odivo.sk\/en\/wp-json\/wp\/v2\/pages"}],"about":[{"href":"https:\/\/www.odivo.sk\/en\/wp-json\/wp\/v2\/types\/page"}],"author":[{"embeddable":true,"href":"https:\/\/www.odivo.sk\/en\/wp-json\/wp\/v2\/users\/1"}],"replies":[{"embeddable":true,"href":"https:\/\/www.odivo.sk\/en\/wp-json\/wp\/v2\/comments?post=908"}],"version-history":[{"count":2,"href":"https:\/\/www.odivo.sk\/en\/wp-json\/wp\/v2\/pages\/908\/revisions"}],"predecessor-version":[{"id":910,"href":"https:\/\/www.odivo.sk\/en\/wp-json\/wp\/v2\/pages\/908\/revisions\/910"}],"up":[{"embeddable":true,"href":"https:\/\/www.odivo.sk\/en\/wp-json\/wp\/v2\/pages\/693"}],"wp:attachment":[{"href":"https:\/\/www.odivo.sk\/en\/wp-json\/wp\/v2\/media?parent=908"}],"curies":[{"name":"wp","href":"https:\/\/api.w.org\/{rel}","templated":true}]}}