{"id":931,"date":"2021-08-27T23:57:25","date_gmt":"2021-08-27T21:57:25","guid":{"rendered":"http:\/\/www.odivo.sk\/?page_id=931"},"modified":"2021-12-15T22:55:03","modified_gmt":"2021-12-15T21:55:03","slug":"o-vlkovi-ktory-vypadol-z-knizky","status":"publish","type":"page","link":"https:\/\/www.odivo.sk\/en\/repertoar\/o-vlkovi-ktory-vypadol-z-knizky\/","title":{"rendered":"(Sloven\u010dina) O vlkovi, ktor\u00fd vypadol z kni\u017eky"},"content":{"rendered":"<p class=\"qtranxs-available-languages-message qtranxs-available-languages-message-en\">Sorry, this entry is only available in <a href=\"https:\/\/www.odivo.sk\/sk\/wp-json\/wp\/v2\/pages\/931\" class=\"qtranxs-available-language-link qtranxs-available-language-link-sk\" title=\"Sloven\u010dina\">Slovak<\/a>.<\/p>","protected":false},"excerpt":{"rendered":"<div class=\"entry-summary\">\nSorry, this entry is only available in Slovak.\n<\/div>\n<div class=\"link-more\"><a href=\"https:\/\/www.odivo.sk\/en\/repertoar\/o-vlkovi-ktory-vypadol-z-knizky\/\" class=\"more-link\">Continue reading<span class=\"screen-reader-text\"> &ldquo;(Sloven\u010dina) O vlkovi, ktor\u00fd vypadol z kni\u017eky&rdquo;<\/span>&hellip;<\/a><\/div>\n","protected":false},"author":1,"featured_media":0,"parent":19,"menu_order":0,"comment_status":"closed","ping_status":"closed","template":"","meta":{"footnotes":""},"acf":[],"_links":{"self":[{"href":"https:\/\/www.odivo.sk\/en\/wp-json\/wp\/v2\/pages\/931"}],"collection":[{"href":"https:\/\/www.odivo.sk\/en\/wp-json\/wp\/v2\/pages"}],"about":[{"href":"https:\/\/www.odivo.sk\/en\/wp-json\/wp\/v2\/types\/page"}],"author":[{"embeddable":true,"href":"https:\/\/www.odivo.sk\/en\/wp-json\/wp\/v2\/users\/1"}],"replies":[{"embeddable":true,"href":"https:\/\/www.odivo.sk\/en\/wp-json\/wp\/v2\/comments?post=931"}],"version-history":[{"count":4,"href":"https:\/\/www.odivo.sk\/en\/wp-json\/wp\/v2\/pages\/931\/revisions"}],"predecessor-version":[{"id":1011,"href":"https:\/\/www.odivo.sk\/en\/wp-json\/wp\/v2\/pages\/931\/revisions\/1011"}],"up":[{"embeddable":true,"href":"https:\/\/www.odivo.sk\/en\/wp-json\/wp\/v2\/pages\/19"}],"wp:attachment":[{"href":"https:\/\/www.odivo.sk\/en\/wp-json\/wp\/v2\/media?parent=931"}],"curies":[{"name":"wp","href":"https:\/\/api.w.org\/{rel}","templated":true}]}}